{"id":122,"date":"2024-08-13T11:07:09","date_gmt":"2024-08-13T14:07:09","guid":{"rendered":"https:\/\/vrosario.gob.ar\/vdr\/?page_id=122"},"modified":"2024-08-13T11:07:10","modified_gmt":"2024-08-13T14:07:10","slug":"ciudad","status":"publish","type":"page","link":"https:\/\/vrosario.gob.ar\/?page_id=122","title":{"rendered":"CIUDAD"},"content":{"rendered":"<p>Villa del Rosario es un municipio del distrito Mandisov\u00ed del departamento Federaci\u00f3n, en la provincia de Entre R\u00edos, Rep\u00fablica Argentina. El municipio comprende la localidad del mismo nombre, con categor\u00eda de villa, y un \u00e1rea rural. Cuenta con una poblaci\u00f3n aproximada de 4000 habitantes. Su principal actividad productiva es la citricultura, en segundo lugar, la ganader\u00eda, forestaci\u00f3n, horticultura, agricultura y apicultura.<\/p>\n<p>Se encuentra a 9 km del r\u00edo Uruguay, cerca de la desembocadura del r\u00edo Mocoret\u00e1 y de la represa de Salto Grande, y a 23 km al norte de la ciudad de Federaci\u00f3n.<\/p>\n<p>Historia del origen de Villa del Rosario<br \/>\nSe pueden identificar tres etapas. Una primera etapa pautada por el proceso de colonizaci\u00f3n, una segunda caracterizada por la formaci\u00f3n de la comunidad y una tercera centrada en el proceso de autarqu\u00eda. En cuanto a la colonizaci\u00f3n es una etapa estrechamente ligada al proceso desarrollado en Villa Libertad, hoy Chajar\u00ed. Territorialmente as\u00ed queda documentado pues la actual Villa del Rosario perteneci\u00f3 al ejido de la Colonia Villa Libertad desde 1877. Es hacia los a\u00f1os 1877 y 1878 que llegan las primeras familias de una sufrida Italia, sumida en una crisis econ\u00f3mica y social. A partir de 1890 que se comenzar\u00e1 a hablar de \u00abVilla del Rosario\u00bb, una poblaci\u00f3n que contar\u00e1 poco a poco con un templo, la escuela, el cementerio. Son los or\u00edgenes estructurales del peque\u00f1o n\u00facleo poblacional.<\/p>\n<p>Municipio y su ejido<br \/>\nEn la segunda etapa de formaci\u00f3n de la comunidad. A partir de 1961 se dotar\u00e1 de estructura pol\u00edtica propia, segreg\u00e1ndose de la antigua Villa Libertad (Chajar\u00ed). A la cabeza de este movimiento estuvieron los vecinos liderados por el cura p\u00e1rroco Abecia. Fue el primer intendente y apoyado por sus vecinos paut\u00f3 el perfil y la identidad actual de Villa del Rosario.3\u200b<\/p>\n<p>La ley n.\u00ba 1875 de 1872 que mand\u00f3 fundar Villa Libertad (luego llamada Chajar\u00ed) estableci\u00f3 que su ejido deb\u00eda ser de cuatro leguas cuadradas, pero se ampli\u00f3 esa colonia en 3 leguas cuadradas en 1877 abarcando la zona de Villa del Rosario.4\u200b Al establecerse el municipio el 20 de junio de 1889 Villa Libertad ten\u00eda 11 leguas cuadradas de ejido tras haber incorporado la Colonia Ensanche Sauce. El 19 de septiembre de 1961 fue sancionada la ley n.\u00ba 4381 -promulgada el 26 de septiembre de 1961- que aprob\u00f3 la creaci\u00f3n del municipio de Villa del Rosario y restableci\u00f3 el ejido originario de Chajar\u00ed de 4 leguas cuadradas.5\u200b6\u200b El municipio de 2\u00aa categor\u00eda de Villa del Rosario fue creado el 6 de octubre de 1961 por decreto 5578\/1961 MGE con un ejido de 3 leguas cuadradas (13 300 ha).7\u200b<\/p>\n<p>Mediante la ley n.\u00ba 9004 sancionada el 11 de abril de 1996 y promulgada el 29 de abril de 1996 fue ampliado el ejido del municipio de Villa del Rosario incorporando la suprimida junta de gobierno de Colonia Santa Elo\u00edsa y parte de la de Colonia La Matilde, que hab\u00eda sido parte de la Colonia Ensanche Sauce.8\u200b<br \/>\nARTICULO 1\u00b0.- Ampl\u00edanse los Ejidos Municipales de:<br \/>\na) Villa del Rosario (Departamento Federaci\u00f3n), al que se agrega: Colonia \u00abSanta Eloisa\u00bb y parte de Colonia \u00abLa Matilde\u00bb.<br \/>\nb) Santa Ana (Departamento Federaci\u00f3n), al que se agrega: Colonia \u00abEnsanche Sauce\u00bb y parte de Colonia \u00abLa Matilde\u00bb.<br \/>\nc) Los l\u00edmites entre las ampliaciones de ambos Municipios ser\u00e1n la prolongaci\u00f3n de la denominada Avenida 25 de Mayo de Villa del Rosario hasta la costa del Lago de \u00abSalto Grande\u00bb, y al Oeste la prolongaci\u00f3n de la l\u00ednea del l\u00edmite actual hasta su intersecci\u00f3n con la Avenida mencionada anteriormente.<br \/>\nEl centro rural de poblaci\u00f3n de Colonia La Matilde hab\u00eda sido creado por decreto n.\u00ba 3421\/1986 MGJE del 11 de agosto de 19869\u200b y el de Colonia Santa Elo\u00edsa por decreto n.\u00ba 3767\/1986 MGJE del 25 de agosto de 1986.10\u200b La Colonia La Matilde fue parte de la Colonia Villa Libertad y del ejido de Chajar\u00ed hasta 1961.<\/p>\n","protected":false},"excerpt":{"rendered":"<p>Villa del Rosario es un municipio del distrito Mandisov\u00ed del departamento Federaci\u00f3n, en la provincia de Entre R\u00edos, Rep\u00fablica Argentina. El municipio comprende la localidad del mismo nombre, con categor\u00eda de villa, y un \u00e1rea rural. Cuenta con una poblaci\u00f3n aproximada de 4000 habitantes. Su principal actividad productiva es la citricultura, en segundo lugar, la [&hellip;]<\/p>\n","protected":false},"author":1,"featured_media":0,"parent":0,"menu_order":0,"comment_status":"closed","ping_status":"closed","template":"","meta":{"_et_pb_use_builder":"","_et_pb_old_content":"","footnotes":""},"class_list":["post-122","page","type-page","status-publish","hentry"],"_links":{"self":[{"href":"https:\/\/vrosario.gob.ar\/index.php?rest_route=\/wp\/v2\/pages\/122"}],"collection":[{"href":"https:\/\/vrosario.gob.ar\/index.php?rest_route=\/wp\/v2\/pages"}],"about":[{"href":"https:\/\/vrosario.gob.ar\/index.php?rest_route=\/wp\/v2\/types\/page"}],"author":[{"embeddable":true,"href":"https:\/\/vrosario.gob.ar\/index.php?rest_route=\/wp\/v2\/users\/1"}],"replies":[{"embeddable":true,"href":"https:\/\/vrosario.gob.ar\/index.php?rest_route=%2Fwp%2Fv2%2Fcomments&post=122"}],"version-history":[{"count":1,"href":"https:\/\/vrosario.gob.ar\/index.php?rest_route=\/wp\/v2\/pages\/122\/revisions"}],"predecessor-version":[{"id":123,"href":"https:\/\/vrosario.gob.ar\/index.php?rest_route=\/wp\/v2\/pages\/122\/revisions\/123"}],"wp:attachment":[{"href":"https:\/\/vrosario.gob.ar\/index.php?rest_route=%2Fwp%2Fv2%2Fmedia&parent=122"}],"curies":[{"name":"wp","href":"https:\/\/api.w.org\/{rel}","templated":true}]}}