{"id":22,"date":"2024-08-10T15:34:36","date_gmt":"2024-08-10T18:34:36","guid":{"rendered":"https:\/\/vrosario.gob.ar\/vdr\/?page_id=22"},"modified":"2024-10-01T15:34:02","modified_gmt":"2024-10-01T18:34:02","slug":"concejo-deliberante","status":"publish","type":"page","link":"https:\/\/vrosario.gob.ar\/?page_id=22","title":{"rendered":"Concejo Deliberante"},"content":{"rendered":"<p>[et_pb_section fb_built=\u00bb1&#8243; fullwidth=\u00bbon\u00bb _builder_version=\u00bb3.19.3&#8243;][et_pb_fullwidth_header title=\u00bbCONCEJO DELIBERANTE\u00bb _builder_version=\u00bb3.19.3&#8243; title_font=\u00bb||||||||\u00bb title_text_align=\u00bbcenter\u00bb title_text_color=\u00bb#000000&#8243; title_font_size=\u00bb39px\u00bb title_text_shadow_style=\u00bbpreset2&#8243; background_image=\u00bbhttp:\/\/vrosario.gob.ar\/vdr\/wp-content\/uploads\/2024\/07\/hero1.jpeg\u00bb background_blend=\u00bblighten\u00bb][\/et_pb_fullwidth_header][\/et_pb_section][et_pb_section fb_built=\u00bb1&#8243; admin_label=\u00bbsection\u00bb _builder_version=\u00bb3.0.47&#8243; custom_padding=\u00bb0|0px|8px|0px|false|false\u00bb][et_pb_row admin_label=\u00bbrow\u00bb _builder_version=\u00bb3.0.48&#8243; background_size=\u00bbinitial\u00bb background_position=\u00bbtop_left\u00bb background_repeat=\u00bbrepeat\u00bb][et_pb_column type=\u00bb4_4&#8243; _builder_version=\u00bb3.0.47&#8243; parallax=\u00bboff\u00bb parallax_method=\u00bbon\u00bb][et_pb_text admin_label=\u00bbText\u00bb _builder_version=\u00bb3.19.3&#8243; background_size=\u00bbinitial\u00bb background_position=\u00bbtop_left\u00bb background_repeat=\u00bbrepeat\u00bb text_font=\u00bb||||||||\u00bb text_font_size=\u00bb20px\u00bb]<\/p>\n<h2><b>CONCEJALES<\/b><\/h2>\n<p>&nbsp;<\/p>\n<p><i class=\"fas fa-user\"><\/i> MAURO BORGET<br \/> <i class=\"fas fa-user\"><\/i> MARTA ANDREA BUSATTO<br \/> <i class=\"fas fa-user\"><\/i> CARLOS HORACIO MOLO<br \/> <i class=\"fas fa-user\"><\/i> ADRIANA MARCELA VILLALBA<br \/> <i class=\"fas fa-user\"><\/i> N\u00c9STOR DAR\u00cdO PANOZZO<br \/> <i class=\"fas fa-user\"><\/i> MARICEL ARANZAZ\u00da CHANUAR<br \/> <i class=\"fas fa-user\"><\/i> MAXIMILIANO JOS\u00c9 DALMAZO<\/p>\n<p>[\/et_pb_text][\/et_pb_column][\/et_pb_row][\/et_pb_section][et_pb_section fb_built=\u00bb1&#8243; _builder_version=\u00bb3.19.3&#8243; custom_padding=\u00bb0|0px|0|0px|false|false\u00bb][et_pb_row _builder_version=\u00bb3.19.3&#8243; custom_padding=\u00bb0|0px|27px|0px|false|false\u00bb][et_pb_column type=\u00bb4_4&#8243; _builder_version=\u00bb3.19.3&#8243; parallax=\u00bboff\u00bb parallax_method=\u00bbon\u00bb][et_pb_image src=\u00bbhttp:\/\/vrosario.gob.ar\/wp-content\/uploads\/2024\/10\/9d26c7-scaled.jpg\u00bb _builder_version=\u00bb3.19.3&#8243; max_width=\u00bb70%\u00bb module_alignment=\u00bbcenter\u00bb][\/et_pb_image][\/et_pb_column][\/et_pb_row][\/et_pb_section]<\/p>\n","protected":false},"excerpt":{"rendered":"<p>[et_pb_section fb_built=\u00bb1&#8243; fullwidth=\u00bbon\u00bb _builder_version=\u00bb3.19.3&#8243;][et_pb_fullwidth_header title=\u00bbCONCEJO DELIBERANTE\u00bb _builder_version=\u00bb3.19.3&#8243; title_font=\u00bb||||||||\u00bb title_text_align=\u00bbcenter\u00bb title_text_color=\u00bb#000000&#8243; title_font_size=\u00bb39px\u00bb title_text_shadow_style=\u00bbpreset2&#8243; background_image=\u00bbhttp:\/\/vrosario.gob.ar\/vdr\/wp-content\/uploads\/2024\/07\/hero1.jpeg\u00bb background_blend=\u00bblighten\u00bb][\/et_pb_fullwidth_header][\/et_pb_section][et_pb_section fb_built=\u00bb1&#8243; admin_label=\u00bbsection\u00bb _builder_version=\u00bb3.0.47&#8243; custom_padding=\u00bb0|0px|8px|0px|false|false\u00bb][et_pb_row admin_label=\u00bbrow\u00bb _builder_version=\u00bb3.0.48&#8243; background_size=\u00bbinitial\u00bb background_position=\u00bbtop_left\u00bb background_repeat=\u00bbrepeat\u00bb][et_pb_column type=\u00bb4_4&#8243; _builder_version=\u00bb3.0.47&#8243; parallax=\u00bboff\u00bb parallax_method=\u00bbon\u00bb][et_pb_text admin_label=\u00bbText\u00bb _builder_version=\u00bb3.19.3&#8243; background_size=\u00bbinitial\u00bb background_position=\u00bbtop_left\u00bb background_repeat=\u00bbrepeat\u00bb text_font=\u00bb||||||||\u00bb text_font_size=\u00bb20px\u00bb] CONCEJALES &nbsp; MAURO BORGET MARTA ANDREA BUSATTO CARLOS HORACIO MOLO ADRIANA MARCELA VILLALBA N\u00c9STOR DAR\u00cdO PANOZZO MARICEL ARANZAZ\u00da CHANUAR MAXIMILIANO JOS\u00c9 [&hellip;]<\/p>\n","protected":false},"author":1,"featured_media":0,"parent":0,"menu_order":0,"comment_status":"closed","ping_status":"closed","template":"","meta":{"_et_pb_use_builder":"on","_et_pb_old_content":"<h2><b>CONCEJALES<\/b><\/h2>\nMAURO BORGET\nMARTA ANDREA BUSATTO\nCARLOS HORACIO MOLO\nADRIANA MARCELA VILLALBA\nN\u00c9STOR DAR\u00cdO PANOZZO\nMARICEL ARANZAZ\u00da CHANUAR\nMAXIMILIANO JOS\u00c9 DALMAZO \n","footnotes":""},"class_list":["post-22","page","type-page","status-publish","hentry"],"_links":{"self":[{"href":"https:\/\/vrosario.gob.ar\/index.php?rest_route=\/wp\/v2\/pages\/22"}],"collection":[{"href":"https:\/\/vrosario.gob.ar\/index.php?rest_route=\/wp\/v2\/pages"}],"about":[{"href":"https:\/\/vrosario.gob.ar\/index.php?rest_route=\/wp\/v2\/types\/page"}],"author":[{"embeddable":true,"href":"https:\/\/vrosario.gob.ar\/index.php?rest_route=\/wp\/v2\/users\/1"}],"replies":[{"embeddable":true,"href":"https:\/\/vrosario.gob.ar\/index.php?rest_route=%2Fwp%2Fv2%2Fcomments&post=22"}],"version-history":[{"count":9,"href":"https:\/\/vrosario.gob.ar\/index.php?rest_route=\/wp\/v2\/pages\/22\/revisions"}],"predecessor-version":[{"id":849,"href":"https:\/\/vrosario.gob.ar\/index.php?rest_route=\/wp\/v2\/pages\/22\/revisions\/849"}],"wp:attachment":[{"href":"https:\/\/vrosario.gob.ar\/index.php?rest_route=%2Fwp%2Fv2%2Fmedia&parent=22"}],"curies":[{"name":"wp","href":"https:\/\/api.w.org\/{rel}","templated":true}]}}