{"id":465,"date":"2024-09-15T11:16:08","date_gmt":"2024-09-15T14:16:08","guid":{"rendered":"https:\/\/vrosario.gob.ar\/vdr\/?page_id=465"},"modified":"2024-10-02T11:01:13","modified_gmt":"2024-10-02T14:01:13","slug":"deportes","status":"publish","type":"page","link":"https:\/\/vrosario.gob.ar\/?page_id=465","title":{"rendered":"Deportes"},"content":{"rendered":"<p>[et_pb_section fb_built=\u00bb1&#8243; _builder_version=\u00bb3.19.3&#8243; background_color=\u00bb#444444&#8243; custom_padding=\u00bb14px|0px|12px|0px|false|false\u00bb][et_pb_row _builder_version=\u00bb3.19.3&#8243;][et_pb_column type=\u00bb4_4&#8243; _builder_version=\u00bb3.19.3&#8243; parallax=\u00bboff\u00bb parallax_method=\u00bbon\u00bb][et_pb_text _builder_version=\u00bb3.19.3&#8243; header_font=\u00bb||||||||\u00bb header_text_color=\u00bb#ffffff\u00bb]<\/p>\n<h1 style=\"text-align: center;\"><span style=\"color: #ee7d17;\">DIRECCI\u00d3N DE DEPORTES<\/span><\/h1>\n<p>[\/et_pb_text][\/et_pb_column][\/et_pb_row][\/et_pb_section][et_pb_section fb_built=\u00bb1&#8243; _builder_version=\u00bb3.19.3&#8243;][et_pb_row _builder_version=\u00bb3.19.3&#8243;][et_pb_column type=\u00bb4_4&#8243; _builder_version=\u00bb3.19.3&#8243; parallax=\u00bboff\u00bb parallax_method=\u00bbon\u00bb][et_pb_text _builder_version=\u00bb3.19.3&#8243; text_font=\u00bb||||||||\u00bb text_font_size=\u00bb18px\u00bb text_line_height=\u00bb1.8em\u00bb]DIRECCI\u00d3N DE DEPORTES<\/p>\n<p><i class=\"fas fa-user-circle\"><\/i> Responsable:\u00a0FRANCO DALPR\u00c1<br \/>\n<i class=\"fas fa-store-alt\"><\/i> Direcci\u00f3n: Calle Los Inmigrantes 136 (Albergue Deportivo Municipal)<br \/>\n<i class=\"fas fa-phone-alt\"><\/i> Tel\u00e9fono: 3458 &#8211; 456053<br \/>\n<i class=\"fas fa-envelope-open\"><\/i> Correo: deportesvilla2024@gmail.com<br \/>\n<i class=\"fas fa-clock\"><\/i> Horario Atenci\u00f3n: Lunes a viernes: 07:00 a 12:00<\/p>\n<p>[\/et_pb_text][\/et_pb_column][\/et_pb_row][\/et_pb_section]<\/p>\n","protected":false},"excerpt":{"rendered":"<p>[et_pb_section fb_built=\u00bb1&#8243; _builder_version=\u00bb3.19.3&#8243; background_color=\u00bb#444444&#8243; custom_padding=\u00bb14px|0px|12px|0px|false|false\u00bb][et_pb_row _builder_version=\u00bb3.19.3&#8243;][et_pb_column type=\u00bb4_4&#8243; _builder_version=\u00bb3.19.3&#8243; parallax=\u00bboff\u00bb parallax_method=\u00bbon\u00bb][et_pb_text _builder_version=\u00bb3.19.3&#8243; header_font=\u00bb||||||||\u00bb header_text_color=\u00bb#ffffff\u00bb] DIRECCI\u00d3N DE DEPORTES [\/et_pb_text][\/et_pb_column][\/et_pb_row][\/et_pb_section][et_pb_section fb_built=\u00bb1&#8243; _builder_version=\u00bb3.19.3&#8243;][et_pb_row _builder_version=\u00bb3.19.3&#8243;][et_pb_column type=\u00bb4_4&#8243; _builder_version=\u00bb3.19.3&#8243; parallax=\u00bboff\u00bb parallax_method=\u00bbon\u00bb][et_pb_text _builder_version=\u00bb3.19.3&#8243; text_font=\u00bb||||||||\u00bb text_font_size=\u00bb18px\u00bb text_line_height=\u00bb1.8em\u00bb]DIRECCI\u00d3N DE DEPORTES Responsable:\u00a0FRANCO DALPR\u00c1 Direcci\u00f3n: Calle Los Inmigrantes 136 (Albergue Deportivo Municipal) Tel\u00e9fono: 3458 &#8211; 456053 Correo: deportesvilla2024@gmail.com Horario Atenci\u00f3n: Lunes a viernes: 07:00 a 12:00 [\/et_pb_text][\/et_pb_column][\/et_pb_row][\/et_pb_section]<\/p>\n","protected":false},"author":1,"featured_media":0,"parent":0,"menu_order":0,"comment_status":"closed","ping_status":"closed","template":"","meta":{"_et_pb_use_builder":"on","_et_pb_old_content":"","footnotes":""},"class_list":["post-465","page","type-page","status-publish","hentry"],"_links":{"self":[{"href":"https:\/\/vrosario.gob.ar\/index.php?rest_route=\/wp\/v2\/pages\/465"}],"collection":[{"href":"https:\/\/vrosario.gob.ar\/index.php?rest_route=\/wp\/v2\/pages"}],"about":[{"href":"https:\/\/vrosario.gob.ar\/index.php?rest_route=\/wp\/v2\/types\/page"}],"author":[{"embeddable":true,"href":"https:\/\/vrosario.gob.ar\/index.php?rest_route=\/wp\/v2\/users\/1"}],"replies":[{"embeddable":true,"href":"https:\/\/vrosario.gob.ar\/index.php?rest_route=%2Fwp%2Fv2%2Fcomments&post=465"}],"version-history":[{"count":10,"href":"https:\/\/vrosario.gob.ar\/index.php?rest_route=\/wp\/v2\/pages\/465\/revisions"}],"predecessor-version":[{"id":871,"href":"https:\/\/vrosario.gob.ar\/index.php?rest_route=\/wp\/v2\/pages\/465\/revisions\/871"}],"wp:attachment":[{"href":"https:\/\/vrosario.gob.ar\/index.php?rest_route=%2Fwp%2Fv2%2Fmedia&parent=465"}],"curies":[{"name":"wp","href":"https:\/\/api.w.org\/{rel}","templated":true}]}}