{"id":469,"date":"2024-09-15T11:18:56","date_gmt":"2024-09-15T14:18:56","guid":{"rendered":"https:\/\/vrosario.gob.ar\/vdr\/?page_id=469"},"modified":"2024-10-02T11:03:18","modified_gmt":"2024-10-02T14:03:18","slug":"turismo","status":"publish","type":"page","link":"https:\/\/vrosario.gob.ar\/?page_id=469","title":{"rendered":"Turismo"},"content":{"rendered":"<p>[et_pb_section fb_built=\u00bb1&#8243; _builder_version=\u00bb3.19.3&#8243; background_color=\u00bb#444444&#8243; custom_padding=\u00bb12px|0px|11px|0px|false|false\u00bb][et_pb_row _builder_version=\u00bb3.19.3&#8243;][et_pb_column type=\u00bb4_4&#8243; _builder_version=\u00bb3.19.3&#8243; parallax=\u00bboff\u00bb parallax_method=\u00bbon\u00bb][et_pb_text _builder_version=\u00bb3.19.3&#8243; header_font=\u00bb||||||||\u00bb header_text_color=\u00bb#ffffff\u00bb]<\/p>\n<h1 style=\"text-align: center;\"><span style=\"color: #ee7d17;\">DIRECCI\u00d3N DE TURISMO<\/span><\/h1>\n<p>[\/et_pb_text][\/et_pb_column][\/et_pb_row][\/et_pb_section][et_pb_section fb_built=\u00bb1&#8243; _builder_version=\u00bb3.19.3&#8243;][et_pb_row _builder_version=\u00bb3.19.3&#8243;][et_pb_column type=\u00bb4_4&#8243; _builder_version=\u00bb3.19.3&#8243; parallax=\u00bboff\u00bb parallax_method=\u00bbon\u00bb][et_pb_text _builder_version=\u00bb3.19.3&#8243; text_font=\u00bb||||||||\u00bb text_font_size=\u00bb18px\u00bb text_line_height=\u00bb1.8em\u00bb]DIRECCI\u00d3N DE TURISMO<\/p>\n<p><i class=\"fas fa-user-circle\"><\/i> Responsable: JANET BORDIGI\u00d3N<br \/>\n<i class=\"fas fa-store-alt\"><\/i> Direcci\u00f3n: San Martin e Italia<br \/>\n<i class=\"fas fa-phone-alt\"><\/i> Tel\u00e9fono:3456 \u2013 491 745<br \/>\n<i class=\"fas fa-envelope-open\"><\/i> Correo: villadelrosarioer@gmail.com<br \/>\n<i class=\"fas fa-clock\"><\/i> Horario Atenci\u00f3n: Lunes a viernes: 07:00 a 12:00<br \/>\n[\/et_pb_text][\/et_pb_column][\/et_pb_row][\/et_pb_section]<\/p>\n","protected":false},"excerpt":{"rendered":"<p>[et_pb_section fb_built=\u00bb1&#8243; _builder_version=\u00bb3.19.3&#8243; background_color=\u00bb#444444&#8243; custom_padding=\u00bb12px|0px|11px|0px|false|false\u00bb][et_pb_row _builder_version=\u00bb3.19.3&#8243;][et_pb_column type=\u00bb4_4&#8243; _builder_version=\u00bb3.19.3&#8243; parallax=\u00bboff\u00bb parallax_method=\u00bbon\u00bb][et_pb_text _builder_version=\u00bb3.19.3&#8243; header_font=\u00bb||||||||\u00bb header_text_color=\u00bb#ffffff\u00bb] DIRECCI\u00d3N DE TURISMO [\/et_pb_text][\/et_pb_column][\/et_pb_row][\/et_pb_section][et_pb_section fb_built=\u00bb1&#8243; _builder_version=\u00bb3.19.3&#8243;][et_pb_row _builder_version=\u00bb3.19.3&#8243;][et_pb_column type=\u00bb4_4&#8243; _builder_version=\u00bb3.19.3&#8243; parallax=\u00bboff\u00bb parallax_method=\u00bbon\u00bb][et_pb_text _builder_version=\u00bb3.19.3&#8243; text_font=\u00bb||||||||\u00bb text_font_size=\u00bb18px\u00bb text_line_height=\u00bb1.8em\u00bb]DIRECCI\u00d3N DE TURISMO Responsable: JANET BORDIGI\u00d3N Direcci\u00f3n: San Martin e Italia Tel\u00e9fono:3456 \u2013 491 745 Correo: villadelrosarioer@gmail.com Horario Atenci\u00f3n: Lunes a viernes: 07:00 a 12:00 [\/et_pb_text][\/et_pb_column][\/et_pb_row][\/et_pb_section]<\/p>\n","protected":false},"author":1,"featured_media":0,"parent":0,"menu_order":0,"comment_status":"closed","ping_status":"closed","template":"","meta":{"_et_pb_use_builder":"on","_et_pb_old_content":"","footnotes":""},"class_list":["post-469","page","type-page","status-publish","hentry"],"_links":{"self":[{"href":"https:\/\/vrosario.gob.ar\/index.php?rest_route=\/wp\/v2\/pages\/469"}],"collection":[{"href":"https:\/\/vrosario.gob.ar\/index.php?rest_route=\/wp\/v2\/pages"}],"about":[{"href":"https:\/\/vrosario.gob.ar\/index.php?rest_route=\/wp\/v2\/types\/page"}],"author":[{"embeddable":true,"href":"https:\/\/vrosario.gob.ar\/index.php?rest_route=\/wp\/v2\/users\/1"}],"replies":[{"embeddable":true,"href":"https:\/\/vrosario.gob.ar\/index.php?rest_route=%2Fwp%2Fv2%2Fcomments&post=469"}],"version-history":[{"count":10,"href":"https:\/\/vrosario.gob.ar\/index.php?rest_route=\/wp\/v2\/pages\/469\/revisions"}],"predecessor-version":[{"id":873,"href":"https:\/\/vrosario.gob.ar\/index.php?rest_route=\/wp\/v2\/pages\/469\/revisions\/873"}],"wp:attachment":[{"href":"https:\/\/vrosario.gob.ar\/index.php?rest_route=%2Fwp%2Fv2%2Fmedia&parent=469"}],"curies":[{"name":"wp","href":"https:\/\/api.w.org\/{rel}","templated":true}]}}